{"id":431377,"date":"2025-09-07T22:59:13","date_gmt":"2025-09-07T22:59:13","guid":{"rendered":"https:\/\/www.institutoptico.pt\/?post_type=product&#038;p=431377"},"modified":"2025-10-16T09:48:18","modified_gmt":"2025-10-16T09:48:18","slug":"biotrue-limpeza-100","status":"publish","type":"product","link":"https:\/\/www.institutoptico.pt\/en\/produto\/biotrue-limpeza-100\/","title":{"rendered":"Biotrue Limpeza"},"content":{"rendered":"<p>Biotrue \u00e9 uma solu\u00e7\u00e3o \u00fanica para lentes de contacto hidr\u00f3filas, incluindo lentes de silicone hidrogel. Biotrue\u00ae est\u00e1 inspirado na biologia ocular. Iguala o pH da l\u00e1grima saud\u00e1vel. Permite at\u00e9 20 horas de hidrata\u00e7\u00e3o para um conforto prolongado. Acaba com 99,9 % dos microrganismos. O cuidado, a higiene e a manuten\u00e7\u00e3o das lentes permitem a preven\u00e7\u00e3o de infe\u00e7\u00f5es e de outras patologias que possam afetar os seus olhos e a sua vis\u00e3o. <\/p>\n","protected":false},"excerpt":{"rendered":"<p>Biotrue Limpeza<\/p>\n","protected":false},"featured_media":413259,"template":"","meta":{"_acf_changed":false},"product_brand":[],"product_cat":[2081],"product_tag":[],"class_list":{"0":"post-431377","1":"product","2":"type-product","3":"status-publish","4":"has-post-thumbnail","6":"product_cat-sem-categoria","8":"first","9":"instock","10":"sale","11":"taxable","12":"shipping-taxable","13":"purchasable","14":"product-type-variable"},"acf":[],"yoast_head":"<!-- This site is optimized with the Yoast SEO plugin v26.4 - https:\/\/yoast.com\/wordpress\/plugins\/seo\/ -->\n<title>Biotrue Limpeza - Institutoptico<\/title>\n<meta name=\"robots\" content=\"index, follow, max-snippet:-1, max-image-preview:large, max-video-preview:-1\" \/>\n<link rel=\"canonical\" href=\"https:\/\/www.institutoptico.pt\/en\/produto\/biotrue-limpeza-100\/\" \/>\n<meta property=\"og:locale\" content=\"en_US\" \/>\n<meta property=\"og:type\" content=\"article\" \/>\n<meta property=\"og:title\" content=\"Biotrue Limpeza - Institutoptico\" \/>\n<meta property=\"og:description\" content=\"Biotrue Limpeza\" \/>\n<meta property=\"og:url\" content=\"https:\/\/www.institutoptico.pt\/en\/produto\/biotrue-limpeza-100\/\" \/>\n<meta property=\"og:site_name\" content=\"Institutoptico\" \/>\n<meta property=\"article:publisher\" content=\"https:\/\/www.facebook.com\/grupoinstitutoptico\/?locale=pt_PT\" \/>\n<meta property=\"article:modified_time\" content=\"2025-10-16T09:48:18+00:00\" \/>\n<meta property=\"og:image\" content=\"https:\/\/www.institutoptico.pt\/wp-content\/uploads\/2025\/09\/203020764332000061_175276.jpg\" \/>\n\t<meta property=\"og:image:width\" content=\"900\" \/>\n\t<meta property=\"og:image:height\" content=\"590\" \/>\n\t<meta property=\"og:image:type\" content=\"image\/jpeg\" \/>\n<meta name=\"twitter:card\" content=\"summary_large_image\" \/>\n<meta name=\"twitter:label1\" content=\"Est. reading time\" \/>\n\t<meta name=\"twitter:data1\" content=\"1 minute\" \/>\n<script type=\"application\/ld+json\" class=\"yoast-schema-graph\">{\"@context\":\"https:\/\/schema.org\",\"@graph\":[{\"@type\":\"WebPage\",\"@id\":\"https:\/\/www.institutoptico.pt\/en\/produto\/biotrue-limpeza-100\/\",\"url\":\"https:\/\/www.institutoptico.pt\/en\/produto\/biotrue-limpeza-100\/\",\"name\":\"Biotrue Limpeza - Institutoptico\",\"isPartOf\":{\"@id\":\"https:\/\/www.institutoptico.pt\/en\/#website\"},\"primaryImageOfPage\":{\"@id\":\"https:\/\/www.institutoptico.pt\/en\/produto\/biotrue-limpeza-100\/#primaryimage\"},\"image\":{\"@id\":\"https:\/\/www.institutoptico.pt\/en\/produto\/biotrue-limpeza-100\/#primaryimage\"},\"thumbnailUrl\":\"https:\/\/www.institutoptico.pt\/wp-content\/uploads\/2025\/09\/203020764332000061_175276.jpg\",\"datePublished\":\"2025-09-07T22:59:13+00:00\",\"dateModified\":\"2025-10-16T09:48:18+00:00\",\"breadcrumb\":{\"@id\":\"https:\/\/www.institutoptico.pt\/en\/produto\/biotrue-limpeza-100\/#breadcrumb\"},\"inLanguage\":\"en-US\",\"potentialAction\":[{\"@type\":\"ReadAction\",\"target\":[\"https:\/\/www.institutoptico.pt\/en\/produto\/biotrue-limpeza-100\/\"]}]},{\"@type\":\"ImageObject\",\"inLanguage\":\"en-US\",\"@id\":\"https:\/\/www.institutoptico.pt\/en\/produto\/biotrue-limpeza-100\/#primaryimage\",\"url\":\"https:\/\/www.institutoptico.pt\/wp-content\/uploads\/2025\/09\/203020764332000061_175276.jpg\",\"contentUrl\":\"https:\/\/www.institutoptico.pt\/wp-content\/uploads\/2025\/09\/203020764332000061_175276.jpg\",\"width\":900,\"height\":590},{\"@type\":\"BreadcrumbList\",\"@id\":\"https:\/\/www.institutoptico.pt\/en\/produto\/biotrue-limpeza-100\/#breadcrumb\",\"itemListElement\":[{\"@type\":\"ListItem\",\"position\":1,\"name\":\"In\u00edcio\",\"item\":\"https:\/\/www.institutoptico.pt\/en\/\"},{\"@type\":\"ListItem\",\"position\":2,\"name\":\"Products\",\"item\":\"https:\/\/www.institutoptico.pt\/en\/shop\/\"},{\"@type\":\"ListItem\",\"position\":3,\"name\":\"Biotrue Limpeza\"}]},{\"@type\":\"WebSite\",\"@id\":\"https:\/\/www.institutoptico.pt\/en\/#website\",\"url\":\"https:\/\/www.institutoptico.pt\/en\/\",\"name\":\"Institutoptico\",\"description\":\"Com\u00e9rcio de \u00d3ptica Lda.\",\"potentialAction\":[{\"@type\":\"SearchAction\",\"target\":{\"@type\":\"EntryPoint\",\"urlTemplate\":\"https:\/\/www.institutoptico.pt\/en\/?s={search_term_string}\"},\"query-input\":{\"@type\":\"PropertyValueSpecification\",\"valueRequired\":true,\"valueName\":\"search_term_string\"}}],\"inLanguage\":\"en-US\"}]}<\/script>\n<!-- \/ Yoast SEO plugin. -->","yoast_head_json":{"title":"Biotrue Limpeza - Institutoptico","robots":{"index":"index","follow":"follow","max-snippet":"max-snippet:-1","max-image-preview":"max-image-preview:large","max-video-preview":"max-video-preview:-1"},"canonical":"https:\/\/www.institutoptico.pt\/en\/produto\/biotrue-limpeza-100\/","og_locale":"en_US","og_type":"article","og_title":"Biotrue Limpeza - Institutoptico","og_description":"Biotrue Limpeza","og_url":"https:\/\/www.institutoptico.pt\/en\/produto\/biotrue-limpeza-100\/","og_site_name":"Institutoptico","article_publisher":"https:\/\/www.facebook.com\/grupoinstitutoptico\/?locale=pt_PT","article_modified_time":"2025-10-16T09:48:18+00:00","og_image":[{"width":900,"height":590,"url":"https:\/\/www.institutoptico.pt\/wp-content\/uploads\/2025\/09\/203020764332000061_175276.jpg","type":"image\/jpeg"}],"twitter_card":"summary_large_image","twitter_misc":{"Est. reading time":"1 minute"},"schema":{"@context":"https:\/\/schema.org","@graph":[{"@type":"WebPage","@id":"https:\/\/www.institutoptico.pt\/en\/produto\/biotrue-limpeza-100\/","url":"https:\/\/www.institutoptico.pt\/en\/produto\/biotrue-limpeza-100\/","name":"Biotrue Limpeza - Institutoptico","isPartOf":{"@id":"https:\/\/www.institutoptico.pt\/en\/#website"},"primaryImageOfPage":{"@id":"https:\/\/www.institutoptico.pt\/en\/produto\/biotrue-limpeza-100\/#primaryimage"},"image":{"@id":"https:\/\/www.institutoptico.pt\/en\/produto\/biotrue-limpeza-100\/#primaryimage"},"thumbnailUrl":"https:\/\/www.institutoptico.pt\/wp-content\/uploads\/2025\/09\/203020764332000061_175276.jpg","datePublished":"2025-09-07T22:59:13+00:00","dateModified":"2025-10-16T09:48:18+00:00","breadcrumb":{"@id":"https:\/\/www.institutoptico.pt\/en\/produto\/biotrue-limpeza-100\/#breadcrumb"},"inLanguage":"en-US","potentialAction":[{"@type":"ReadAction","target":["https:\/\/www.institutoptico.pt\/en\/produto\/biotrue-limpeza-100\/"]}]},{"@type":"ImageObject","inLanguage":"en-US","@id":"https:\/\/www.institutoptico.pt\/en\/produto\/biotrue-limpeza-100\/#primaryimage","url":"https:\/\/www.institutoptico.pt\/wp-content\/uploads\/2025\/09\/203020764332000061_175276.jpg","contentUrl":"https:\/\/www.institutoptico.pt\/wp-content\/uploads\/2025\/09\/203020764332000061_175276.jpg","width":900,"height":590},{"@type":"BreadcrumbList","@id":"https:\/\/www.institutoptico.pt\/en\/produto\/biotrue-limpeza-100\/#breadcrumb","itemListElement":[{"@type":"ListItem","position":1,"name":"In\u00edcio","item":"https:\/\/www.institutoptico.pt\/en\/"},{"@type":"ListItem","position":2,"name":"Products","item":"https:\/\/www.institutoptico.pt\/en\/shop\/"},{"@type":"ListItem","position":3,"name":"Biotrue Limpeza"}]},{"@type":"WebSite","@id":"https:\/\/www.institutoptico.pt\/en\/#website","url":"https:\/\/www.institutoptico.pt\/en\/","name":"Institutoptico","description":"Com\u00e9rcio de \u00d3ptica Lda.","potentialAction":[{"@type":"SearchAction","target":{"@type":"EntryPoint","urlTemplate":"https:\/\/www.institutoptico.pt\/en\/?s={search_term_string}"},"query-input":{"@type":"PropertyValueSpecification","valueRequired":true,"valueName":"search_term_string"}}],"inLanguage":"en-US"}]}},"_links":{"self":[{"href":"https:\/\/www.institutoptico.pt\/en\/wp-json\/wp\/v2\/product\/431377","targetHints":{"allow":["GET"]}}],"collection":[{"href":"https:\/\/www.institutoptico.pt\/en\/wp-json\/wp\/v2\/product"}],"about":[{"href":"https:\/\/www.institutoptico.pt\/en\/wp-json\/wp\/v2\/types\/product"}],"wp:featuredmedia":[{"embeddable":true,"href":"https:\/\/www.institutoptico.pt\/en\/wp-json\/wp\/v2\/media\/413259"}],"wp:attachment":[{"href":"https:\/\/www.institutoptico.pt\/en\/wp-json\/wp\/v2\/media?parent=431377"}],"wp:term":[{"taxonomy":"product_brand","embeddable":true,"href":"https:\/\/www.institutoptico.pt\/en\/wp-json\/wp\/v2\/product_brand?post=431377"},{"taxonomy":"product_cat","embeddable":true,"href":"https:\/\/www.institutoptico.pt\/en\/wp-json\/wp\/v2\/product_cat?post=431377"},{"taxonomy":"product_tag","embeddable":true,"href":"https:\/\/www.institutoptico.pt\/en\/wp-json\/wp\/v2\/product_tag?post=431377"}],"curies":[{"name":"wp","href":"https:\/\/api.w.org\/{rel}","templated":true}]}}