{"id":431504,"date":"2025-09-07T23:01:31","date_gmt":"2025-09-07T23:01:31","guid":{"rendered":"https:\/\/www.institutoptico.pt\/?post_type=product&#038;p=431504"},"modified":"2025-10-16T12:33:44","modified_gmt":"2025-10-16T12:33:44","slug":"air-optix-colors-esferica-2-5","status":"publish","type":"product","link":"https:\/\/www.institutoptico.pt\/en\/produto\/air-optix-colors-esferica-2-5\/","title":{"rendered":"Air Optix Colors"},"content":{"rendered":"<p>As lentes de contacto AIR OPTIX\u00ae COLORS s\u00e3o lentes de contacto coloridas descart\u00e1veis mensais com alta transmissibilidade ao oxig\u00e9nio, e elevada prote\u00e7\u00e3o contra dep\u00f3sitos devido \u00e0 tecnologia SmartshieldTM. A cor das AIR OPTIX\u00ae COLORS n\u00e3o est\u00e1 impressa na superf\u00edcie da lente de contacto, mas sim, incorporada no material de silicone hidrogel. As AIR OPTIX\u00ae COLORS t\u00eam uma tecnologia patenteada de cor 3 em 1 que se mistura com a cor natural dos olhos para proporcionar um aspeto bonito e natural. Com uma vasta gama de cores, estas permitem-lhe adotar estilos diferentes, quer se trate de uma mudan\u00e7a subtil ou de um realce ousado dos seus olhos. Est\u00e3o dispon\u00edveis com e sem gradua\u00e7\u00e3o.<\/p>\n","protected":false},"excerpt":{"rendered":"<p>Air Optix Colors<\/p>\n","protected":false},"featured_media":0,"template":"","meta":{"_acf_changed":false},"product_brand":[],"product_cat":[2081],"product_tag":[],"class_list":{"0":"post-431504","1":"product","2":"type-product","3":"status-publish","5":"product_cat-sem-categoria","7":"first","8":"instock","9":"taxable","10":"shipping-taxable","11":"purchasable","12":"product-type-variable"},"acf":[],"yoast_head":"<!-- This site is optimized with the Yoast SEO plugin v26.4 - https:\/\/yoast.com\/wordpress\/plugins\/seo\/ -->\n<title>Air Optix Colors - Institutoptico<\/title>\n<meta name=\"robots\" content=\"index, follow, max-snippet:-1, max-image-preview:large, max-video-preview:-1\" \/>\n<link rel=\"canonical\" href=\"https:\/\/www.institutoptico.pt\/en\/produto\/air-optix-colors-esferica-2-5\/\" \/>\n<meta property=\"og:locale\" content=\"en_US\" \/>\n<meta property=\"og:type\" content=\"article\" \/>\n<meta property=\"og:title\" content=\"Air Optix Colors - Institutoptico\" \/>\n<meta property=\"og:description\" content=\"Air Optix Colors\" \/>\n<meta property=\"og:url\" content=\"https:\/\/www.institutoptico.pt\/en\/produto\/air-optix-colors-esferica-2-5\/\" \/>\n<meta property=\"og:site_name\" content=\"Institutoptico\" \/>\n<meta property=\"article:publisher\" content=\"https:\/\/www.facebook.com\/grupoinstitutoptico\/?locale=pt_PT\" \/>\n<meta property=\"article:modified_time\" content=\"2025-10-16T12:33:44+00:00\" \/>\n<meta name=\"twitter:card\" content=\"summary_large_image\" \/>\n<meta name=\"twitter:label1\" content=\"Est. reading time\" \/>\n\t<meta name=\"twitter:data1\" content=\"1 minute\" \/>\n<script type=\"application\/ld+json\" class=\"yoast-schema-graph\">{\"@context\":\"https:\/\/schema.org\",\"@graph\":[{\"@type\":\"WebPage\",\"@id\":\"https:\/\/www.institutoptico.pt\/en\/produto\/air-optix-colors-esferica-2-5\/\",\"url\":\"https:\/\/www.institutoptico.pt\/en\/produto\/air-optix-colors-esferica-2-5\/\",\"name\":\"Air Optix Colors - Institutoptico\",\"isPartOf\":{\"@id\":\"https:\/\/www.institutoptico.pt\/en\/#website\"},\"datePublished\":\"2025-09-07T23:01:31+00:00\",\"dateModified\":\"2025-10-16T12:33:44+00:00\",\"breadcrumb\":{\"@id\":\"https:\/\/www.institutoptico.pt\/en\/produto\/air-optix-colors-esferica-2-5\/#breadcrumb\"},\"inLanguage\":\"en-US\",\"potentialAction\":[{\"@type\":\"ReadAction\",\"target\":[\"https:\/\/www.institutoptico.pt\/en\/produto\/air-optix-colors-esferica-2-5\/\"]}]},{\"@type\":\"BreadcrumbList\",\"@id\":\"https:\/\/www.institutoptico.pt\/en\/produto\/air-optix-colors-esferica-2-5\/#breadcrumb\",\"itemListElement\":[{\"@type\":\"ListItem\",\"position\":1,\"name\":\"In\u00edcio\",\"item\":\"https:\/\/www.institutoptico.pt\/en\/\"},{\"@type\":\"ListItem\",\"position\":2,\"name\":\"Products\",\"item\":\"https:\/\/www.institutoptico.pt\/en\/shop\/\"},{\"@type\":\"ListItem\",\"position\":3,\"name\":\"Air Optix Colors\"}]},{\"@type\":\"WebSite\",\"@id\":\"https:\/\/www.institutoptico.pt\/en\/#website\",\"url\":\"https:\/\/www.institutoptico.pt\/en\/\",\"name\":\"Institutoptico\",\"description\":\"Com\u00e9rcio de \u00d3ptica Lda.\",\"potentialAction\":[{\"@type\":\"SearchAction\",\"target\":{\"@type\":\"EntryPoint\",\"urlTemplate\":\"https:\/\/www.institutoptico.pt\/en\/?s={search_term_string}\"},\"query-input\":{\"@type\":\"PropertyValueSpecification\",\"valueRequired\":true,\"valueName\":\"search_term_string\"}}],\"inLanguage\":\"en-US\"}]}<\/script>\n<!-- \/ Yoast SEO plugin. -->","yoast_head_json":{"title":"Air Optix Colors - Institutoptico","robots":{"index":"index","follow":"follow","max-snippet":"max-snippet:-1","max-image-preview":"max-image-preview:large","max-video-preview":"max-video-preview:-1"},"canonical":"https:\/\/www.institutoptico.pt\/en\/produto\/air-optix-colors-esferica-2-5\/","og_locale":"en_US","og_type":"article","og_title":"Air Optix Colors - Institutoptico","og_description":"Air Optix Colors","og_url":"https:\/\/www.institutoptico.pt\/en\/produto\/air-optix-colors-esferica-2-5\/","og_site_name":"Institutoptico","article_publisher":"https:\/\/www.facebook.com\/grupoinstitutoptico\/?locale=pt_PT","article_modified_time":"2025-10-16T12:33:44+00:00","twitter_card":"summary_large_image","twitter_misc":{"Est. reading time":"1 minute"},"schema":{"@context":"https:\/\/schema.org","@graph":[{"@type":"WebPage","@id":"https:\/\/www.institutoptico.pt\/en\/produto\/air-optix-colors-esferica-2-5\/","url":"https:\/\/www.institutoptico.pt\/en\/produto\/air-optix-colors-esferica-2-5\/","name":"Air Optix Colors - Institutoptico","isPartOf":{"@id":"https:\/\/www.institutoptico.pt\/en\/#website"},"datePublished":"2025-09-07T23:01:31+00:00","dateModified":"2025-10-16T12:33:44+00:00","breadcrumb":{"@id":"https:\/\/www.institutoptico.pt\/en\/produto\/air-optix-colors-esferica-2-5\/#breadcrumb"},"inLanguage":"en-US","potentialAction":[{"@type":"ReadAction","target":["https:\/\/www.institutoptico.pt\/en\/produto\/air-optix-colors-esferica-2-5\/"]}]},{"@type":"BreadcrumbList","@id":"https:\/\/www.institutoptico.pt\/en\/produto\/air-optix-colors-esferica-2-5\/#breadcrumb","itemListElement":[{"@type":"ListItem","position":1,"name":"In\u00edcio","item":"https:\/\/www.institutoptico.pt\/en\/"},{"@type":"ListItem","position":2,"name":"Products","item":"https:\/\/www.institutoptico.pt\/en\/shop\/"},{"@type":"ListItem","position":3,"name":"Air Optix Colors"}]},{"@type":"WebSite","@id":"https:\/\/www.institutoptico.pt\/en\/#website","url":"https:\/\/www.institutoptico.pt\/en\/","name":"Institutoptico","description":"Com\u00e9rcio de \u00d3ptica Lda.","potentialAction":[{"@type":"SearchAction","target":{"@type":"EntryPoint","urlTemplate":"https:\/\/www.institutoptico.pt\/en\/?s={search_term_string}"},"query-input":{"@type":"PropertyValueSpecification","valueRequired":true,"valueName":"search_term_string"}}],"inLanguage":"en-US"}]}},"_links":{"self":[{"href":"https:\/\/www.institutoptico.pt\/en\/wp-json\/wp\/v2\/product\/431504","targetHints":{"allow":["GET"]}}],"collection":[{"href":"https:\/\/www.institutoptico.pt\/en\/wp-json\/wp\/v2\/product"}],"about":[{"href":"https:\/\/www.institutoptico.pt\/en\/wp-json\/wp\/v2\/types\/product"}],"wp:attachment":[{"href":"https:\/\/www.institutoptico.pt\/en\/wp-json\/wp\/v2\/media?parent=431504"}],"wp:term":[{"taxonomy":"product_brand","embeddable":true,"href":"https:\/\/www.institutoptico.pt\/en\/wp-json\/wp\/v2\/product_brand?post=431504"},{"taxonomy":"product_cat","embeddable":true,"href":"https:\/\/www.institutoptico.pt\/en\/wp-json\/wp\/v2\/product_cat?post=431504"},{"taxonomy":"product_tag","embeddable":true,"href":"https:\/\/www.institutoptico.pt\/en\/wp-json\/wp\/v2\/product_tag?post=431504"}],"curies":[{"name":"wp","href":"https:\/\/api.w.org\/{rel}","templated":true}]}}