{"id":434183,"date":"2025-09-07T23:02:34","date_gmt":"2025-09-07T23:02:34","guid":{"rendered":"https:\/\/www.institutoptico.pt\/?post_type=product&#038;p=434183"},"modified":"2025-10-16T13:35:55","modified_gmt":"2025-10-16T13:35:55","slug":"freshlook-one-day-color-esferica-10-2","status":"publish","type":"product","link":"https:\/\/www.institutoptico.pt\/en\/produto\/freshlook-one-day-color-esferica-10-2\/","title":{"rendered":"Freshlook One Day Color"},"content":{"rendered":"<p>As lentes de contacto FRESHLOOK\u00ae ONE-DAY s\u00e3o lentes de contacto descart\u00e1veis di\u00e1rias, ideais para os utilizadores que valorizam os padr\u00f5es de higieniza\u00e7\u00e3o, conforto e conveni\u00eancia. A tecnologia patenteada 3-em-1 proporciona profundidade e uma maior defini\u00e7\u00e3o \u00e0 nova cor dos olhos. Fabricadas com Lightstream\u00ae Technology que lhes confere uma elevada reprodutibilidade, um bordo mais fino e preciso. Geometria tricurva em ambas as superf\u00edcies e material n\u00e3o i\u00f3nico. O seu \u201cefeito 3-em-1\u201d d\u00e1 profundidade e maior defini\u00e7\u00e3o \u00e0 nova cor dos olhos. As FRESHLOOK\u00ae ONE-DAY s\u00e3o lentes de contacto coloridas 3-em-1\u201d d\u00e1 profundidade e maior defini\u00e7\u00e3o \u00e0 nova cor dos olhos. descart\u00e1veis di\u00e1rias concebidas para real\u00e7ar ou transformar olhos escuros ou claros, com um efeito completamente natural, com ou sem corre\u00e7\u00e3o da vis\u00e3o. Pode conseguir uma nova apar\u00eancia, seja ela subtil ou vibrante.<\/p>\n","protected":false},"excerpt":{"rendered":"<p>Freshlook One Day Color<\/p>\n","protected":false},"featured_media":412997,"template":"","meta":{"_acf_changed":false},"product_brand":[],"product_cat":[2081],"product_tag":[],"class_list":{"0":"post-434183","1":"product","2":"type-product","3":"status-publish","4":"has-post-thumbnail","6":"product_cat-sem-categoria","8":"first","9":"instock","10":"taxable","11":"shipping-taxable","12":"purchasable","13":"product-type-variable"},"acf":[],"yoast_head":"<!-- This site is optimized with the Yoast SEO plugin v26.4 - https:\/\/yoast.com\/wordpress\/plugins\/seo\/ -->\n<title>Freshlook One Day Color - Institutoptico<\/title>\n<meta name=\"robots\" content=\"index, follow, max-snippet:-1, max-image-preview:large, max-video-preview:-1\" \/>\n<link rel=\"canonical\" href=\"https:\/\/www.institutoptico.pt\/en\/produto\/freshlook-one-day-color-esferica-10-2\/\" \/>\n<meta property=\"og:locale\" content=\"en_US\" \/>\n<meta property=\"og:type\" content=\"article\" \/>\n<meta property=\"og:title\" content=\"Freshlook One Day Color - Institutoptico\" \/>\n<meta property=\"og:description\" content=\"Freshlook One Day Color\" \/>\n<meta property=\"og:url\" content=\"https:\/\/www.institutoptico.pt\/en\/produto\/freshlook-one-day-color-esferica-10-2\/\" \/>\n<meta property=\"og:site_name\" content=\"Institutoptico\" \/>\n<meta property=\"article:publisher\" content=\"https:\/\/www.facebook.com\/grupoinstitutoptico\/?locale=pt_PT\" \/>\n<meta property=\"article:modified_time\" content=\"2025-10-16T13:35:55+00:00\" \/>\n<meta property=\"og:image\" content=\"https:\/\/www.institutoptico.pt\/wp-content\/uploads\/2025\/09\/202020420081200112_61269.jpg\" \/>\n\t<meta property=\"og:image:width\" content=\"1200\" \/>\n\t<meta property=\"og:image:height\" content=\"1200\" \/>\n\t<meta property=\"og:image:type\" content=\"image\/jpeg\" \/>\n<meta name=\"twitter:card\" content=\"summary_large_image\" \/>\n<meta name=\"twitter:label1\" content=\"Est. reading time\" \/>\n\t<meta name=\"twitter:data1\" content=\"1 minute\" \/>\n<script type=\"application\/ld+json\" class=\"yoast-schema-graph\">{\"@context\":\"https:\/\/schema.org\",\"@graph\":[{\"@type\":\"WebPage\",\"@id\":\"https:\/\/www.institutoptico.pt\/en\/produto\/freshlook-one-day-color-esferica-10-2\/\",\"url\":\"https:\/\/www.institutoptico.pt\/en\/produto\/freshlook-one-day-color-esferica-10-2\/\",\"name\":\"Freshlook One Day Color - Institutoptico\",\"isPartOf\":{\"@id\":\"https:\/\/www.institutoptico.pt\/en\/#website\"},\"primaryImageOfPage\":{\"@id\":\"https:\/\/www.institutoptico.pt\/en\/produto\/freshlook-one-day-color-esferica-10-2\/#primaryimage\"},\"image\":{\"@id\":\"https:\/\/www.institutoptico.pt\/en\/produto\/freshlook-one-day-color-esferica-10-2\/#primaryimage\"},\"thumbnailUrl\":\"https:\/\/www.institutoptico.pt\/wp-content\/uploads\/2025\/09\/202020420081200112_61269.jpg\",\"datePublished\":\"2025-09-07T23:02:34+00:00\",\"dateModified\":\"2025-10-16T13:35:55+00:00\",\"breadcrumb\":{\"@id\":\"https:\/\/www.institutoptico.pt\/en\/produto\/freshlook-one-day-color-esferica-10-2\/#breadcrumb\"},\"inLanguage\":\"en-US\",\"potentialAction\":[{\"@type\":\"ReadAction\",\"target\":[\"https:\/\/www.institutoptico.pt\/en\/produto\/freshlook-one-day-color-esferica-10-2\/\"]}]},{\"@type\":\"ImageObject\",\"inLanguage\":\"en-US\",\"@id\":\"https:\/\/www.institutoptico.pt\/en\/produto\/freshlook-one-day-color-esferica-10-2\/#primaryimage\",\"url\":\"https:\/\/www.institutoptico.pt\/wp-content\/uploads\/2025\/09\/202020420081200112_61269.jpg\",\"contentUrl\":\"https:\/\/www.institutoptico.pt\/wp-content\/uploads\/2025\/09\/202020420081200112_61269.jpg\",\"width\":1200,\"height\":1200},{\"@type\":\"BreadcrumbList\",\"@id\":\"https:\/\/www.institutoptico.pt\/en\/produto\/freshlook-one-day-color-esferica-10-2\/#breadcrumb\",\"itemListElement\":[{\"@type\":\"ListItem\",\"position\":1,\"name\":\"In\u00edcio\",\"item\":\"https:\/\/www.institutoptico.pt\/en\/\"},{\"@type\":\"ListItem\",\"position\":2,\"name\":\"Products\",\"item\":\"https:\/\/www.institutoptico.pt\/en\/shop\/\"},{\"@type\":\"ListItem\",\"position\":3,\"name\":\"Freshlook One Day Color\"}]},{\"@type\":\"WebSite\",\"@id\":\"https:\/\/www.institutoptico.pt\/en\/#website\",\"url\":\"https:\/\/www.institutoptico.pt\/en\/\",\"name\":\"Institutoptico\",\"description\":\"Com\u00e9rcio de \u00d3ptica Lda.\",\"potentialAction\":[{\"@type\":\"SearchAction\",\"target\":{\"@type\":\"EntryPoint\",\"urlTemplate\":\"https:\/\/www.institutoptico.pt\/en\/?s={search_term_string}\"},\"query-input\":{\"@type\":\"PropertyValueSpecification\",\"valueRequired\":true,\"valueName\":\"search_term_string\"}}],\"inLanguage\":\"en-US\"}]}<\/script>\n<!-- \/ Yoast SEO plugin. -->","yoast_head_json":{"title":"Freshlook One Day Color - Institutoptico","robots":{"index":"index","follow":"follow","max-snippet":"max-snippet:-1","max-image-preview":"max-image-preview:large","max-video-preview":"max-video-preview:-1"},"canonical":"https:\/\/www.institutoptico.pt\/en\/produto\/freshlook-one-day-color-esferica-10-2\/","og_locale":"en_US","og_type":"article","og_title":"Freshlook One Day Color - Institutoptico","og_description":"Freshlook One Day Color","og_url":"https:\/\/www.institutoptico.pt\/en\/produto\/freshlook-one-day-color-esferica-10-2\/","og_site_name":"Institutoptico","article_publisher":"https:\/\/www.facebook.com\/grupoinstitutoptico\/?locale=pt_PT","article_modified_time":"2025-10-16T13:35:55+00:00","og_image":[{"width":1200,"height":1200,"url":"https:\/\/www.institutoptico.pt\/wp-content\/uploads\/2025\/09\/202020420081200112_61269.jpg","type":"image\/jpeg"}],"twitter_card":"summary_large_image","twitter_misc":{"Est. reading time":"1 minute"},"schema":{"@context":"https:\/\/schema.org","@graph":[{"@type":"WebPage","@id":"https:\/\/www.institutoptico.pt\/en\/produto\/freshlook-one-day-color-esferica-10-2\/","url":"https:\/\/www.institutoptico.pt\/en\/produto\/freshlook-one-day-color-esferica-10-2\/","name":"Freshlook One Day Color - Institutoptico","isPartOf":{"@id":"https:\/\/www.institutoptico.pt\/en\/#website"},"primaryImageOfPage":{"@id":"https:\/\/www.institutoptico.pt\/en\/produto\/freshlook-one-day-color-esferica-10-2\/#primaryimage"},"image":{"@id":"https:\/\/www.institutoptico.pt\/en\/produto\/freshlook-one-day-color-esferica-10-2\/#primaryimage"},"thumbnailUrl":"https:\/\/www.institutoptico.pt\/wp-content\/uploads\/2025\/09\/202020420081200112_61269.jpg","datePublished":"2025-09-07T23:02:34+00:00","dateModified":"2025-10-16T13:35:55+00:00","breadcrumb":{"@id":"https:\/\/www.institutoptico.pt\/en\/produto\/freshlook-one-day-color-esferica-10-2\/#breadcrumb"},"inLanguage":"en-US","potentialAction":[{"@type":"ReadAction","target":["https:\/\/www.institutoptico.pt\/en\/produto\/freshlook-one-day-color-esferica-10-2\/"]}]},{"@type":"ImageObject","inLanguage":"en-US","@id":"https:\/\/www.institutoptico.pt\/en\/produto\/freshlook-one-day-color-esferica-10-2\/#primaryimage","url":"https:\/\/www.institutoptico.pt\/wp-content\/uploads\/2025\/09\/202020420081200112_61269.jpg","contentUrl":"https:\/\/www.institutoptico.pt\/wp-content\/uploads\/2025\/09\/202020420081200112_61269.jpg","width":1200,"height":1200},{"@type":"BreadcrumbList","@id":"https:\/\/www.institutoptico.pt\/en\/produto\/freshlook-one-day-color-esferica-10-2\/#breadcrumb","itemListElement":[{"@type":"ListItem","position":1,"name":"In\u00edcio","item":"https:\/\/www.institutoptico.pt\/en\/"},{"@type":"ListItem","position":2,"name":"Products","item":"https:\/\/www.institutoptico.pt\/en\/shop\/"},{"@type":"ListItem","position":3,"name":"Freshlook One Day Color"}]},{"@type":"WebSite","@id":"https:\/\/www.institutoptico.pt\/en\/#website","url":"https:\/\/www.institutoptico.pt\/en\/","name":"Institutoptico","description":"Com\u00e9rcio de \u00d3ptica Lda.","potentialAction":[{"@type":"SearchAction","target":{"@type":"EntryPoint","urlTemplate":"https:\/\/www.institutoptico.pt\/en\/?s={search_term_string}"},"query-input":{"@type":"PropertyValueSpecification","valueRequired":true,"valueName":"search_term_string"}}],"inLanguage":"en-US"}]}},"_links":{"self":[{"href":"https:\/\/www.institutoptico.pt\/en\/wp-json\/wp\/v2\/product\/434183","targetHints":{"allow":["GET"]}}],"collection":[{"href":"https:\/\/www.institutoptico.pt\/en\/wp-json\/wp\/v2\/product"}],"about":[{"href":"https:\/\/www.institutoptico.pt\/en\/wp-json\/wp\/v2\/types\/product"}],"wp:featuredmedia":[{"embeddable":true,"href":"https:\/\/www.institutoptico.pt\/en\/wp-json\/wp\/v2\/media\/412997"}],"wp:attachment":[{"href":"https:\/\/www.institutoptico.pt\/en\/wp-json\/wp\/v2\/media?parent=434183"}],"wp:term":[{"taxonomy":"product_brand","embeddable":true,"href":"https:\/\/www.institutoptico.pt\/en\/wp-json\/wp\/v2\/product_brand?post=434183"},{"taxonomy":"product_cat","embeddable":true,"href":"https:\/\/www.institutoptico.pt\/en\/wp-json\/wp\/v2\/product_cat?post=434183"},{"taxonomy":"product_tag","embeddable":true,"href":"https:\/\/www.institutoptico.pt\/en\/wp-json\/wp\/v2\/product_tag?post=434183"}],"curies":[{"name":"wp","href":"https:\/\/api.w.org\/{rel}","templated":true}]}}