{"id":662919,"date":"2025-09-07T23:02:50","date_gmt":"2025-09-07T23:02:50","guid":{"rendered":"https:\/\/www.institutoptico.pt\/?post_type=product&#038;p=662919"},"modified":"2026-01-26T14:19:43","modified_gmt":"2026-01-26T14:19:43","slug":"optifree-puremoist-limpeza-90","status":"publish","type":"product","link":"https:\/\/www.institutoptico.pt\/en\/produto\/optifree-puremoist-limpeza-90\/","title":{"rendered":"Optifree Puremoist"},"content":{"rendered":"<p>Para limpeza, desinfe\u00e7\u00e3o e conserva\u00e7\u00e3o de lentes de contacto hidr\u00f3filas (incluindo lentes de silicone hidrogel). Proporciona conforto durante todo o dia: Matriz Humectante HydraGlydeTM<\/p>\n","protected":false},"excerpt":{"rendered":"<p>Optifree Puremoist<\/p>\n","protected":false},"featured_media":412349,"template":"","meta":{"_acf_changed":false},"product_brand":[],"product_cat":[4843,3161],"product_tag":[],"class_list":{"0":"post-662919","1":"product","2":"type-product","3":"status-publish","4":"has-post-thumbnail","6":"product_cat-optifree-en","7":"product_cat-liquido-manutencao-en","9":"first","10":"instock","11":"sale","12":"taxable","13":"shipping-taxable","14":"purchasable","15":"product-type-variable"},"acf":[],"yoast_head":"<!-- This site is optimized with the Yoast SEO plugin v26.4 - https:\/\/yoast.com\/wordpress\/plugins\/seo\/ -->\n<title>Optifree Puremoist - Institutoptico<\/title>\n<meta name=\"robots\" content=\"index, follow, max-snippet:-1, max-image-preview:large, max-video-preview:-1\" \/>\n<link rel=\"canonical\" href=\"https:\/\/www.institutoptico.pt\/en\/produto\/optifree-puremoist-limpeza-90\/\" \/>\n<meta property=\"og:locale\" content=\"en_US\" \/>\n<meta property=\"og:type\" content=\"article\" \/>\n<meta property=\"og:title\" content=\"Optifree Puremoist - Institutoptico\" \/>\n<meta property=\"og:description\" content=\"Optifree Puremoist\" \/>\n<meta property=\"og:url\" content=\"https:\/\/www.institutoptico.pt\/en\/produto\/optifree-puremoist-limpeza-90\/\" \/>\n<meta property=\"og:site_name\" content=\"Institutoptico\" \/>\n<meta property=\"article:publisher\" content=\"https:\/\/www.facebook.com\/grupoinstitutoptico\/?locale=pt_PT\" \/>\n<meta property=\"article:modified_time\" content=\"2026-01-26T14:19:43+00:00\" \/>\n<meta property=\"og:image\" content=\"https:\/\/www.institutoptico.pt\/wp-content\/uploads\/2025\/09\/202020764431800119_25809.jpg\" \/>\n\t<meta property=\"og:image:width\" content=\"690\" \/>\n\t<meta property=\"og:image:height\" content=\"690\" \/>\n\t<meta property=\"og:image:type\" content=\"image\/jpeg\" \/>\n<meta name=\"twitter:card\" content=\"summary_large_image\" \/>\n<meta name=\"twitter:label1\" content=\"Est. reading time\" \/>\n\t<meta name=\"twitter:data1\" content=\"1 minute\" \/>\n<script type=\"application\/ld+json\" class=\"yoast-schema-graph\">{\"@context\":\"https:\/\/schema.org\",\"@graph\":[{\"@type\":\"WebPage\",\"@id\":\"https:\/\/www.institutoptico.pt\/en\/produto\/optifree-puremoist-limpeza-90\/\",\"url\":\"https:\/\/www.institutoptico.pt\/en\/produto\/optifree-puremoist-limpeza-90\/\",\"name\":\"Optifree Puremoist - Institutoptico\",\"isPartOf\":{\"@id\":\"https:\/\/www.institutoptico.pt\/en\/#website\"},\"primaryImageOfPage\":{\"@id\":\"https:\/\/www.institutoptico.pt\/en\/produto\/optifree-puremoist-limpeza-90\/#primaryimage\"},\"image\":{\"@id\":\"https:\/\/www.institutoptico.pt\/en\/produto\/optifree-puremoist-limpeza-90\/#primaryimage\"},\"thumbnailUrl\":\"https:\/\/www.institutoptico.pt\/wp-content\/uploads\/2025\/09\/202020764431800119_25809.jpg\",\"datePublished\":\"2025-09-07T23:02:50+00:00\",\"dateModified\":\"2026-01-26T14:19:43+00:00\",\"breadcrumb\":{\"@id\":\"https:\/\/www.institutoptico.pt\/en\/produto\/optifree-puremoist-limpeza-90\/#breadcrumb\"},\"inLanguage\":\"en-US\",\"potentialAction\":[{\"@type\":\"ReadAction\",\"target\":[\"https:\/\/www.institutoptico.pt\/en\/produto\/optifree-puremoist-limpeza-90\/\"]}]},{\"@type\":\"ImageObject\",\"inLanguage\":\"en-US\",\"@id\":\"https:\/\/www.institutoptico.pt\/en\/produto\/optifree-puremoist-limpeza-90\/#primaryimage\",\"url\":\"https:\/\/www.institutoptico.pt\/wp-content\/uploads\/2025\/09\/202020764431800119_25809.jpg\",\"contentUrl\":\"https:\/\/www.institutoptico.pt\/wp-content\/uploads\/2025\/09\/202020764431800119_25809.jpg\",\"width\":690,\"height\":690},{\"@type\":\"BreadcrumbList\",\"@id\":\"https:\/\/www.institutoptico.pt\/en\/produto\/optifree-puremoist-limpeza-90\/#breadcrumb\",\"itemListElement\":[{\"@type\":\"ListItem\",\"position\":1,\"name\":\"In\u00edcio\",\"item\":\"https:\/\/www.institutoptico.pt\/en\/\"},{\"@type\":\"ListItem\",\"position\":2,\"name\":\"Products\",\"item\":\"https:\/\/www.institutoptico.pt\/en\/shop\/\"},{\"@type\":\"ListItem\",\"position\":3,\"name\":\"Optifree Puremoist\"}]},{\"@type\":\"WebSite\",\"@id\":\"https:\/\/www.institutoptico.pt\/en\/#website\",\"url\":\"https:\/\/www.institutoptico.pt\/en\/\",\"name\":\"Institutoptico\",\"description\":\"Com\u00e9rcio de \u00d3ptica Lda.\",\"potentialAction\":[{\"@type\":\"SearchAction\",\"target\":{\"@type\":\"EntryPoint\",\"urlTemplate\":\"https:\/\/www.institutoptico.pt\/en\/?s={search_term_string}\"},\"query-input\":{\"@type\":\"PropertyValueSpecification\",\"valueRequired\":true,\"valueName\":\"search_term_string\"}}],\"inLanguage\":\"en-US\"}]}<\/script>\n<!-- \/ Yoast SEO plugin. -->","yoast_head_json":{"title":"Optifree Puremoist - Institutoptico","robots":{"index":"index","follow":"follow","max-snippet":"max-snippet:-1","max-image-preview":"max-image-preview:large","max-video-preview":"max-video-preview:-1"},"canonical":"https:\/\/www.institutoptico.pt\/en\/produto\/optifree-puremoist-limpeza-90\/","og_locale":"en_US","og_type":"article","og_title":"Optifree Puremoist - Institutoptico","og_description":"Optifree Puremoist","og_url":"https:\/\/www.institutoptico.pt\/en\/produto\/optifree-puremoist-limpeza-90\/","og_site_name":"Institutoptico","article_publisher":"https:\/\/www.facebook.com\/grupoinstitutoptico\/?locale=pt_PT","article_modified_time":"2026-01-26T14:19:43+00:00","og_image":[{"width":690,"height":690,"url":"https:\/\/www.institutoptico.pt\/wp-content\/uploads\/2025\/09\/202020764431800119_25809.jpg","type":"image\/jpeg"}],"twitter_card":"summary_large_image","twitter_misc":{"Est. reading time":"1 minute"},"schema":{"@context":"https:\/\/schema.org","@graph":[{"@type":"WebPage","@id":"https:\/\/www.institutoptico.pt\/en\/produto\/optifree-puremoist-limpeza-90\/","url":"https:\/\/www.institutoptico.pt\/en\/produto\/optifree-puremoist-limpeza-90\/","name":"Optifree Puremoist - Institutoptico","isPartOf":{"@id":"https:\/\/www.institutoptico.pt\/en\/#website"},"primaryImageOfPage":{"@id":"https:\/\/www.institutoptico.pt\/en\/produto\/optifree-puremoist-limpeza-90\/#primaryimage"},"image":{"@id":"https:\/\/www.institutoptico.pt\/en\/produto\/optifree-puremoist-limpeza-90\/#primaryimage"},"thumbnailUrl":"https:\/\/www.institutoptico.pt\/wp-content\/uploads\/2025\/09\/202020764431800119_25809.jpg","datePublished":"2025-09-07T23:02:50+00:00","dateModified":"2026-01-26T14:19:43+00:00","breadcrumb":{"@id":"https:\/\/www.institutoptico.pt\/en\/produto\/optifree-puremoist-limpeza-90\/#breadcrumb"},"inLanguage":"en-US","potentialAction":[{"@type":"ReadAction","target":["https:\/\/www.institutoptico.pt\/en\/produto\/optifree-puremoist-limpeza-90\/"]}]},{"@type":"ImageObject","inLanguage":"en-US","@id":"https:\/\/www.institutoptico.pt\/en\/produto\/optifree-puremoist-limpeza-90\/#primaryimage","url":"https:\/\/www.institutoptico.pt\/wp-content\/uploads\/2025\/09\/202020764431800119_25809.jpg","contentUrl":"https:\/\/www.institutoptico.pt\/wp-content\/uploads\/2025\/09\/202020764431800119_25809.jpg","width":690,"height":690},{"@type":"BreadcrumbList","@id":"https:\/\/www.institutoptico.pt\/en\/produto\/optifree-puremoist-limpeza-90\/#breadcrumb","itemListElement":[{"@type":"ListItem","position":1,"name":"In\u00edcio","item":"https:\/\/www.institutoptico.pt\/en\/"},{"@type":"ListItem","position":2,"name":"Products","item":"https:\/\/www.institutoptico.pt\/en\/shop\/"},{"@type":"ListItem","position":3,"name":"Optifree Puremoist"}]},{"@type":"WebSite","@id":"https:\/\/www.institutoptico.pt\/en\/#website","url":"https:\/\/www.institutoptico.pt\/en\/","name":"Institutoptico","description":"Com\u00e9rcio de \u00d3ptica Lda.","potentialAction":[{"@type":"SearchAction","target":{"@type":"EntryPoint","urlTemplate":"https:\/\/www.institutoptico.pt\/en\/?s={search_term_string}"},"query-input":{"@type":"PropertyValueSpecification","valueRequired":true,"valueName":"search_term_string"}}],"inLanguage":"en-US"}]}},"_links":{"self":[{"href":"https:\/\/www.institutoptico.pt\/en\/wp-json\/wp\/v2\/product\/662919","targetHints":{"allow":["GET"]}}],"collection":[{"href":"https:\/\/www.institutoptico.pt\/en\/wp-json\/wp\/v2\/product"}],"about":[{"href":"https:\/\/www.institutoptico.pt\/en\/wp-json\/wp\/v2\/types\/product"}],"wp:featuredmedia":[{"embeddable":true,"href":"https:\/\/www.institutoptico.pt\/en\/wp-json\/wp\/v2\/media\/412349"}],"wp:attachment":[{"href":"https:\/\/www.institutoptico.pt\/en\/wp-json\/wp\/v2\/media?parent=662919"}],"wp:term":[{"taxonomy":"product_brand","embeddable":true,"href":"https:\/\/www.institutoptico.pt\/en\/wp-json\/wp\/v2\/product_brand?post=662919"},{"taxonomy":"product_cat","embeddable":true,"href":"https:\/\/www.institutoptico.pt\/en\/wp-json\/wp\/v2\/product_cat?post=662919"},{"taxonomy":"product_tag","embeddable":true,"href":"https:\/\/www.institutoptico.pt\/en\/wp-json\/wp\/v2\/product_tag?post=662919"}],"curies":[{"name":"wp","href":"https:\/\/api.w.org\/{rel}","templated":true}]}}